{"id":9305,"date":"2017-06-17T18:15:08","date_gmt":"2017-06-17T18:15:08","guid":{"rendered":"http:\/\/lazar.italijanska-liga.com\/turisticni-center-lazar\/"},"modified":"2017-06-17T18:16:12","modified_gmt":"2017-06-17T18:16:12","slug":"turisticni-center-lazar","status":"publish","type":"page","link":"https:\/\/lazar.si\/sl\/turisticni-center-lazar\/","title":{"rendered":"Turisti\u010dni center Lazar"},"content":{"rendered":"<section class=\"wpb-content-wrapper\"><p>[vc_row][vc_column width=&#8221;2\/3&#8243;][vc_column_text]<\/p>\n<div class=\"row\">Kamp Lazar se razprostira ob smaragdni reki So\u010di, nedale\u010d od zgodovinskega mesteca Kobarid. To je enkratno sti\u010di\u0161\u010de treh dolin, treh kultur in dveh geografskih pokrajin, kjer se neokrnjena divjost gora staplja z mehkobo mediteranskega podnebja in na\u010dinom \u017eivljenja. Prav tak\u0161no je v na\u0161em kampu tudi vzdu\u0161je, ko ob jutranjem razgledu na visoka gorska pobo\u010dja sli\u0161ite \u0161umenje bistre reke in vam zadi\u0161i zajtrk s kapu\u010dinom v na\u0161em baru.<\/p>\n<div class=\"content-wrapper eight columns\">\n<div class=\"text-content\"><\/div>\n<table border=\"1\" cellspacing=\"1\" cellpadding=\"1\">\n<thead>\n<tr>\n<th scope=\"col\"><\/th>\n<th scope=\"col\">KATEGORIJA<\/th>\n<\/tr>\n<\/thead>\n<tbody>\n<tr>\n<td style=\"text-align: center;\">Kamp z 200 parkirnimi mesti in 50 parkiri\u0161\u010di, prilagojen za invalide<\/td>\n<td><center>2 zvezdici<\/center><\/td>\n<\/tr>\n<tr>\n<td>5x Dvoposteljna soba<\/td>\n<td><center>1 zvezdica<\/center><\/td>\n<\/tr>\n<tr>\n<td>1x Apartma \u2013 po\u010ditni\u0161ko stanovanje z eno spalnico<\/td>\n<td><center>1 zvezdica<\/center><\/td>\n<\/tr>\n<\/tbody>\n<\/table>\n<\/div>\n<\/div>\n<p>&nbsp;[\/vc_column_text][\/vc_column][vc_column width=&#8221;1\/3&#8243;][vc_column_text]<\/p>\n<ul>\n<li>Naziv: TURISTI\u010cNI CENTER LAZAR d.o.o.<\/li>\n<li>Naslov: TRNOVO OB SO\u010cI 1B ZIP code 5222 KOBARID<\/li>\n<li>Mat. \u0161tevilka: <span id=\"ctl00_ctl00_cphMain_cphMainCol_CompanySPLPreview1_labRegistrationNumber\">6823149000<\/span><\/li>\n<li>Dav\u010dna \u0161tevilka: SI43062601<\/li>\n<li style=\"list-style-type: none;\"><\/li>\n<\/ul>\n<p>[\/vc_column_text][\/vc_column][\/vc_row]<\/p>\n<\/section>","protected":false},"excerpt":{"rendered":"<p>[vc_row][vc_column width=&#8221;2\/3&#8243;][vc_column_text] Kamp Lazar se razprostira ob smaragdni reki So\u010di, nedale\u010d od zgodovinskega mesteca Kobarid. To je enkratno sti\u010di\u0161\u010de treh dolin, treh&hellip;<\/p>\n<p> <a class=\"more-link\" href=\"https:\/\/lazar.si\/sl\/turisticni-center-lazar\/\">Read more<\/a><\/p>\n","protected":false},"author":1,"featured_media":0,"parent":0,"menu_order":0,"comment_status":"closed","ping_status":"closed","template":"","meta":[],"_links":{"self":[{"href":"https:\/\/lazar.si\/sl\/wp-json\/wp\/v2\/pages\/9305"}],"collection":[{"href":"https:\/\/lazar.si\/sl\/wp-json\/wp\/v2\/pages"}],"about":[{"href":"https:\/\/lazar.si\/sl\/wp-json\/wp\/v2\/types\/page"}],"author":[{"embeddable":true,"href":"https:\/\/lazar.si\/sl\/wp-json\/wp\/v2\/users\/1"}],"replies":[{"embeddable":true,"href":"https:\/\/lazar.si\/sl\/wp-json\/wp\/v2\/comments?post=9305"}],"version-history":[{"count":5,"href":"https:\/\/lazar.si\/sl\/wp-json\/wp\/v2\/pages\/9305\/revisions"}],"predecessor-version":[{"id":9310,"href":"https:\/\/lazar.si\/sl\/wp-json\/wp\/v2\/pages\/9305\/revisions\/9310"}],"wp:attachment":[{"href":"https:\/\/lazar.si\/sl\/wp-json\/wp\/v2\/media?parent=9305"}],"curies":[{"name":"wp","href":"https:\/\/api.w.org\/{rel}","templated":true}]}}